{"id":413,"date":"2010-06-24T00:23:48","date_gmt":"2010-06-23T22:23:48","guid":{"rendered":"http:\/\/www.aikibujutsu.hu\/test\/?page_id=413"},"modified":"2010-06-24T00:23:48","modified_gmt":"2010-06-23T22:23:48","slug":"bojutsu-2","status":"publish","type":"page","link":"https:\/\/www.aikibujutsu.hu\/?page_id=413","title":{"rendered":"Bojutsu"},"content":{"rendered":"<p style=\"text-align: justify;\">A <em>bojutsu<\/em> egy <em>rokushakub\u014d <\/em>(<em>6 shaku<sup>1<\/sup> hossz\u00fa bot<\/em>) haszn\u00e1l, amely egyes\u00edti <em>Obata-s\u014dshihan<\/em> csal\u00e1di hagyom\u00e1nyos technik\u00e1it a k\u00f6z\u00e9pkori Jap\u00e1nban haszn\u00e1lt-, \u00e9s a <em>Ryukyu Kobudo<\/em> technik\u00e1ival. A <em>bojutsu<\/em> gyakorl\u00e1sa a v\u00e1llak \u00e9s a cs\u00edp\u0151 nagyfok\u00fa rugalmass\u00e1g\u00e1t, szabadabb mozg\u00e1s\u00e1t eredm\u00e9nyezi, melyek az <em>Aikid\u014d <\/em>\u00e9s a<em> <a title=\"Shinkendo - jap\u00e1n szamur\u00e1j kardv\u00edv\u00e1s honlapja\" href=\"http:\/\/www.shinkendo.hu\" target=\"_blank\">Shinkendo<\/a> <\/em>foglalkoz\u00e1sokon is hasznosak. Jellemz\u0151en <em>suburikb\u00f3l<\/em> (<em>alap gyakorlatok<\/em>), formagyakorlatokb\u00f3l, \u00e9s p\u00e1ros k\u00fczdelmi gyakorlatsorokb\u00f3l \u00e9p\u00fcl fel, melyeket <em>sh\u014dky\u016b<\/em>, <em>ch\u016bky\u016b<\/em>, \u00e9s <em>j\u014dky\u016b<\/em> (kezd\u0151, k\u00f6z\u00e9phalad\u00f3 \u00e9s halad\u00f3) neh\u00e9zs\u00e9gi szintekre osztunk. Mindh\u00e1rom szint folyamatos gyakorl\u00e1s\u00e1val, \u00e1tfog\u00f3 k\u00e9pet kaphatunk a bonyolult mozg\u00e1sokr\u00f3l, \u00e9s k\u00f6zelebb ker\u00fclhet\u00fcnk azok meg\u00e9rt\u00e9s\u00e9hez. Ezen fel\u00fcl mag\u00e1ban foglalja a <em>kamae<\/em>-okat, t\u00e1mad\u00e1sokat, v\u00e9dekez\u00e9seket \u00e9s formagyakorlatokat. A <em>bojutsu<\/em> alapjaira \u00e9p\u00fclnek m\u00e1s t\u00f6rt\u00e9nelmi fegyveres st\u00edlusok is, p\u00e9ld\u00e1ul <em>naginatajutsu, yarijutsu<\/em>.<\/p>\n<p style=\"text-align: justify;\"><sup>1<\/sup> <em>shaku<\/em>: hossz m\u00e9rt\u00e9kegys\u00e9g 1 shaku megfelel 30,3 cm-nek. 6 shaku = 181,8 cm. 4 shaku = 121,2 cm. A mai haszn\u00e1latban a <em>rokushakub\u014d<\/em>, vagy <em>bo <\/em>megfelel a 180 cm-es, a <em>yonshakub\u014d<\/em>, vagy <em>jo<\/em> megfelel a 120 cm-es botnak.<\/p>\n","protected":false},"excerpt":{"rendered":"<p>A bojutsu egy rokushakub\u014d (6 shaku1 hossz\u00fa bot) haszn\u00e1l, amely egyes\u00edti Obata-s\u014dshihan csal\u00e1di hagyom\u00e1nyos technik\u00e1it a k\u00f6z\u00e9pkori Jap\u00e1nban haszn\u00e1lt-, \u00e9s a Ryukyu Kobudo technik\u00e1ival. A bojutsu gyakorl\u00e1sa a v\u00e1llak \u00e9s [&hellip;]<\/p>\n","protected":false},"author":4,"featured_media":0,"parent":0,"menu_order":0,"comment_status":"closed","ping_status":"closed","template":"","meta":{"_mi_skip_tracking":false},"_links":{"self":[{"href":"https:\/\/www.aikibujutsu.hu\/index.php?rest_route=\/wp\/v2\/pages\/413"}],"collection":[{"href":"https:\/\/www.aikibujutsu.hu\/index.php?rest_route=\/wp\/v2\/pages"}],"about":[{"href":"https:\/\/www.aikibujutsu.hu\/index.php?rest_route=\/wp\/v2\/types\/page"}],"author":[{"embeddable":true,"href":"https:\/\/www.aikibujutsu.hu\/index.php?rest_route=\/wp\/v2\/users\/4"}],"replies":[{"embeddable":true,"href":"https:\/\/www.aikibujutsu.hu\/index.php?rest_route=%2Fwp%2Fv2%2Fcomments&post=413"}],"version-history":[{"count":0,"href":"https:\/\/www.aikibujutsu.hu\/index.php?rest_route=\/wp\/v2\/pages\/413\/revisions"}],"wp:attachment":[{"href":"https:\/\/www.aikibujutsu.hu\/index.php?rest_route=%2Fwp%2Fv2%2Fmedia&parent=413"}],"curies":[{"name":"wp","href":"https:\/\/api.w.org\/{rel}","templated":true}]}}