{"id":41,"date":"2009-10-11T19:27:31","date_gmt":"2009-10-11T17:27:31","guid":{"rendered":"http:\/\/www.shinkendo.hu\/test\/?page_id=41"},"modified":"2009-10-11T19:27:31","modified_gmt":"2009-10-11T17:27:31","slug":"tagfelvetel","status":"publish","type":"page","link":"https:\/\/www.aikibujutsu.hu\/?page_id=41","title":{"rendered":"Tagfelv\u00e9tel"},"content":{"rendered":"<p style=\"text-align: justify;\">Azt szoktuk javasolni, hogy aki kedvet \u00e9rez az <strong>aikido-aikibujutsuhoz<\/strong>, j\u00f6jj\u00f6n el \u00e9s n\u00e9zzen meg egy edz\u00e9st. Nem ker\u00fcl semmibe, \u00e9s nincs ann\u00e1l hitelesebb, mint amit az ember a saj\u00e1t szem\u00e9vel l\u00e1t.<br \/>\n\u00c9rdemes el\u0151tte egyeztetni a megc\u00e9lzott doj\u00f3 edz\u0151j\u00e9vel. E-mail c\u00edmek \u00e9s telefonsz\u00e1mok a <a title=\"Kapcsolat\" href=\"https:\/\/www.aikibujutsu.hu\/?page_id=1379\" target=\"_blank\"><strong>KAPCSOLAT<\/strong><\/a> men\u00fcpont alatt tal\u00e1lhat\u00f3ak.<\/p>\n<p style=\"text-align: justify;\">A tagfelv\u00e9tel minden doj\u00f3ban folyamatos, eg\u00e9sz \u00e9vben, t\u00e9len-ny\u00e1ron lehet jelentkezni \u00e9s sz\u00edvesen l\u00e1tunk mindenkit. A jelentkez\u0151 elj\u00f6n, bemutatkozik az edz\u00e9s vezet\u0151j\u00e9nek, \u00e9s ha \u00fagy van \u00f6lt\u00f6zve, ak\u00e1r be is \u00e1llhat \u00e9s gyakorolhat. Nincsenek proced\u00far\u00e1k.<\/p>\n<p style=\"text-align: justify;\">Ruh\u00e1zat<\/p>\n<p style=\"text-align: justify;\">Edz\u00e9seken az egyszer\u0171 feh\u00e9r karate- vagy judo-git viselj\u00fck feh\u00e9r vagy barna \u00f6vvel. A rangok jelz\u00e9s\u00e9re a j\u00f3val kor\u00e1bbi id\u0151kre jellemz\u0151 rendszert haszn\u00e1ljuk: a mesternek fekete \u00f6ve van, a tan\u00edtv\u00e1nyoknak feh\u00e9r, vagy a halad\u00f3knak barna.<br \/>\nHa valaki m\u00e1s harcm\u0171v\u00e9szeti st\u00edlusokban m\u00e1s \u00f6lt\u00f6zetet viselt kor\u00e1bban, r\u00f6vidt\u00e1von nem gond. Ha az els\u0151 edz\u00e9sekre nem siker\u00fcl feh\u00e9r git beszerezni, t\u00f6k\u00e9letesen megfelel egy p\u00f3l\u00f3 \u00e9s egy meleg\u00edt\u0151nadr\u00e1g is (ami nem susog). A teremben t\u00e9len hideg van: aki akar, tabit, zoknit, a gi alatt feh\u00e9r p\u00f3l\u00f3t nyugodtan viselhet, a papucs viselete javasolt a sz\u0151nyegen k\u00edv\u00fcl.<\/p>\n","protected":false},"excerpt":{"rendered":"<p>Azt szoktuk javasolni, hogy aki kedvet \u00e9rez az aikido-aikibujutsuhoz, j\u00f6jj\u00f6n el \u00e9s n\u00e9zzen meg egy edz\u00e9st. Nem ker\u00fcl semmibe, \u00e9s nincs ann\u00e1l hitelesebb, mint amit az ember a saj\u00e1t szem\u00e9vel [&hellip;]<\/p>\n","protected":false},"author":4,"featured_media":0,"parent":0,"menu_order":0,"comment_status":"closed","ping_status":"closed","template":"","meta":{"_mi_skip_tracking":false},"_links":{"self":[{"href":"https:\/\/www.aikibujutsu.hu\/index.php?rest_route=\/wp\/v2\/pages\/41"}],"collection":[{"href":"https:\/\/www.aikibujutsu.hu\/index.php?rest_route=\/wp\/v2\/pages"}],"about":[{"href":"https:\/\/www.aikibujutsu.hu\/index.php?rest_route=\/wp\/v2\/types\/page"}],"author":[{"embeddable":true,"href":"https:\/\/www.aikibujutsu.hu\/index.php?rest_route=\/wp\/v2\/users\/4"}],"replies":[{"embeddable":true,"href":"https:\/\/www.aikibujutsu.hu\/index.php?rest_route=%2Fwp%2Fv2%2Fcomments&post=41"}],"version-history":[{"count":0,"href":"https:\/\/www.aikibujutsu.hu\/index.php?rest_route=\/wp\/v2\/pages\/41\/revisions"}],"wp:attachment":[{"href":"https:\/\/www.aikibujutsu.hu\/index.php?rest_route=%2Fwp%2Fv2%2Fmedia&parent=41"}],"curies":[{"name":"wp","href":"https:\/\/api.w.org\/{rel}","templated":true}]}}