{"id":1494,"date":"2014-08-26T12:51:50","date_gmt":"2014-08-26T10:51:50","guid":{"rendered":"http:\/\/www.aikibujutsu.hu\/?page_id=1494"},"modified":"2014-08-26T12:51:50","modified_gmt":"2014-08-26T10:51:50","slug":"valassz-minket","status":"publish","type":"page","link":"https:\/\/www.aikibujutsu.hu\/?page_id=1494","title":{"rendered":"V\u00e1lassz minket"},"content":{"rendered":"<p><!DOCTYPE html PUBLIC \"-\/\/W3C\/\/DTD XHTML 1.0 Transitional\/\/EN\" \"http:\/\/www.w3.org\/TR\/xhtml1\/DTD\/xhtml1-transitional.dtd\"><br \/>\n<html xmlns=\"http:\/\/www.w3.org\/1999\/xhtml\" xml:lang=\"hu\" lang=\"hu\"><\/p>\n<p>\t<head><br \/>\n\t\t<title>V\u00e1lassz minket &#8211; Aikido \u00e9s Aikibujutsu<\/title>\n\t\t<link href=\"http:\/\/aikibujutsu.hu\/SajatStyle\/ObataBio.css\" rel=\"stylesheet\" type\"text\/class\" \/>\n\t\t<meta http-equiv=\"Content-Type\" content=\"text\/html; charset=iso-8859-2\" \/><br \/>\n\t\t<meta http-equiv=\"content-language\" content=\"hu\" \/><\/p>\n<p><\/head><br \/>\n<body><\/p>\n<div id=\"doboz\">\n<div id=\"szoveg\">\n\t\t\t<\/br><\/p>\n<div id=\"KepKozepre\">\n<p><img loading=\"lazy\" src=\"https:\/\/www.aikibujutsu.hu\/SajatPic\/MiertMinketValassz.jpg\" title=\"smile\" alt=\"\"  width=\"570\" height=\"320\" \/>\n\t\t\t<\/div>\n<\/p><\/div>\n<div id=\"oldalNeve\">\n<h1 class=\"szalagcimHatter\">Mi\u00e9rt minket? <\/br> <\/h1>\n<\/p><\/div>\n<div id=\"szoveg\">\n<p align=\"center\"><strong> <\/strong><\/p>\n<p>\t\t<\/br><br \/>\n\t\t<\/br><\/p>\n<p><strong>J\u00f3l kidolgozott, \u00f6sszef\u00fcgg\u0151, er\u0151s, hat\u00e9kony \u00e9s praktikus mozg\u00e1s rendszer.<\/strong><\/p>\n<p>A magas szint\u0171 Aikido \u00e9s Aikibujutsu k\u00e9szs\u00e9g k\u00e9pess\u00e9 tesz arra, hogy az ellenfelet szinte er\u0151fesz\u00edt\u00e9s n\u00e9lk\u00fcl gy\u0151zz\u00fck le, ir\u00e1ny\u00edt\u00e1ssal, dob\u00e1ssal, lefog\u00e1ssal, r\u00f6gz\u00edt\u00e9ssel.<\/p>\n<p><strong>Harcm\u0171v\u00e9szet, alkalmazkod\u00e1s, \u00f6nv\u00e9delem.<\/strong><\/p>\n<p>Az alapos tanulm\u00e1nyokon kereszt\u00fcl ismertetj\u00fck meg a v\u00e9dekez\u00e9st k\u00fcl\u00f6nf\u00e9le t\u00e1mad\u00e1sok ellen, t\u00f6bb m\u00f3dszert a t\u00e1mad\u00f3 hat\u00e1stalan\u00edt\u00e1s\u00e1ra. A gyakorl\u00f3 k\u00e9pes lesz szabadon alkalmazni a technik\u00e1kat, \u00e9s alkalmazkodni egy adott helyzet v\u00e1ltoz\u00f3 k\u00f6r\u00fclm\u00e9nyeihez.<\/p>\n<p><strong>Eg\u00e9szs\u00e9g, koncentr\u00e1ci\u00f3, \u00f6nbizalom<\/strong><\/p>\n<p>Az Aikido \u00e9s Aikibujutsu-t gyakorl\u00f3k megtanulj\u00e1k a mozg\u00e1s alapelveit. A rendszeres edz\u00e9seken er\u0151s\u00f6dik a test \u00e9s a l\u00e9lek. Fejleszti a koncentr\u00e1ci\u00f3s k\u00e9pess\u00e9geket, melyeket a mindennapi \u00e9letben is kamatoztathatunk, \u00edgy n\u00f6velve az \u00f6nbizalmunkat, legy\u0151zve saj\u00e1t korl\u00e1tainkat.<\/p>\n<p><strong>Hagyom\u00e1ny \u00e9s moderniz\u00e1ci\u00f3<\/strong><\/p>\n<p>Szakmai \u00e9s technikai vezet\u0151nk a h\u00edres jap\u00e1n harcm\u0171v\u00e9sz Obata Toshishiro bentlak\u00e1sos tanul\u00f3 volt Gozo Shioda iskol\u00e1j\u00e1ban, aki az aikid\u00f3 alap\u00edt\u00f3j\u00e1nak k\u00f6zvetlen tan\u00edtv\u00e1nya volt. Az aikid\u00f3 Ueshiba Morihei \u00e1ltal n\u00e9pszer\u0171s\u00edtett modern m\u00f3dszer, am\u00edg az aikibujutsu-t a szamur\u00e1jok \u00e1ltal haszn\u00e1lt \u0151sibb budo st\u00edlusok k\u00f6z\u00f6tt tartjuk sz\u00e1mon. Vil\u00e1gszervezet\u00fcnk c\u00e9lja a feud\u00e1lis Jap\u00e1nban haszn\u00e1lt aikibujutsu \u0151sibb st\u00edlusainak, technikai elgondol\u00e1sainak pontos\u00edt\u00e1sa, tanulm\u00e1nyoz\u00e1sa, \u00fajra\u00e9leszt\u00e9se, oktat\u00e1sa, valamint a modern aikid\u00f3 &#8220;l\u00e1gyabb&#8221; st\u00edlusainak fejleszt\u00e9se.<\/p>\n<p><strong>Bar\u00e1ts\u00e1gos k\u00f6z\u00f6ss\u00e9g, csal\u00e1dias k\u00f6rnyezet<\/strong><\/p>\n<p>N\u00e1lunk mindenkiben van egy k\u00f6z\u00f6s, mindenki szereti az aikid\u00f3t.<\/p>\n<p>K\u00fcl\u00f6nb\u00f6z\u0151 be\u00e1ll\u00edtotts\u00e1g\u00fa, foglalkoz\u00e1s\u00fa \u00e9s kor\u00fa emberek k\u00f6z\u00f6sen, felszabadultan, \u00e9lm\u00e9nyekben gazdagon t\u00f6ltik az id\u0151t egy\u00fctt egy bar\u00e1ts\u00e1gos helyen. A k\u00f6z\u00f6s edz\u0151t\u00e1borok \u00e9s szabadid\u0151s programok keret\u00e9ben jobban megismerj\u00fck egym\u00e1st, \u00f6sszekov\u00e1csolva a t\u00e1rsas\u00e1got.<\/p>\n<p>Kisebb csoportos edz\u00e9sek egy j\u00f3 hangulat\u00fa judo teremben, olimpiai verseny tatamin, ahol neves olimpikonjaink is mindennapi felk\u00e9sz\u00fcl\u00e9s\u00fcket v\u00e9gzik. <\/p>\n<p>Ezen felt\u00e9teleknek k\u00f6sz\u00f6nhet\u0151en edz\u00e9s k\u00f6zben k\u00f6nnyed\u00e9n h\u00e1trahagyjuk a mindennapi probl\u00e9m\u00e1kat.<\/p>\n<p>Szervezet\u00fcnk oktat\u00f3i \u00e9s tanul\u00f3i \u00e9vente t\u00f6bb alkalommal hazai \u00e9s k\u00fclf\u00f6ldi edz\u0151t\u00e1borban vesznek r\u00e9szt, ezzel is b\u0151v\u00edtve ismereteinket, bar\u00e1ti k\u00f6r\u00fcnket.<\/p>\n<\/p><\/div>\n<p>\t<\/br><\/p>\n<p class=\"kozepreTSUBAmini\"> <img loading=\"lazy\" src=\"https:\/\/www.aikibujutsu.hu\/SajatPic\/Aikibujutsu-TSUBA-mini.jpg\" title=\"Tsuba\" alt=\"\" width=\"62\" height=\"74\" \/> <\/p>\n<p>\t\t\t<\/br><\/p>\n<div id=\"AlairasKepJobbra\">\n<p><img loading=\"lazy\" src=\"https:\/\/www.aikibujutsu.hu\/SajatPic\/SziklaiFerencFekete.jpg\" title=\"signo\" alt=\"\" width=\"70\" height=\"17\" \/><\/p>\n<div style=\"font-size:90%%; font-variant: small-caps; margin-left:1em; text-align: left; border-top:1px solid silver; margin-top:1em;\">\n<p>2014. Augusztus<\/p>\n<\/p><\/div>\n<p>\t\t\t\t<\/br><br \/>\n\t\t\t\t<\/br><\/p><\/div>\n<\/div>\n<p><\/body><\/p>\n<p><\/html><\/p>\n","protected":false},"excerpt":{"rendered":"<p>V\u00e1lassz minket &#8211; Aikido \u00e9s Aikibujutsu Mi\u00e9rt minket? J\u00f3l kidolgozott, \u00f6sszef\u00fcgg\u0151, er\u0151s, hat\u00e9kony \u00e9s praktikus mozg\u00e1s rendszer. A magas szint\u0171 Aikido \u00e9s Aikibujutsu k\u00e9szs\u00e9g k\u00e9pess\u00e9 tesz arra, hogy az ellenfelet [&hellip;]<\/p>\n","protected":false},"author":4,"featured_media":0,"parent":0,"menu_order":0,"comment_status":"closed","ping_status":"closed","template":"","meta":{"_mi_skip_tracking":false},"_links":{"self":[{"href":"https:\/\/www.aikibujutsu.hu\/index.php?rest_route=\/wp\/v2\/pages\/1494"}],"collection":[{"href":"https:\/\/www.aikibujutsu.hu\/index.php?rest_route=\/wp\/v2\/pages"}],"about":[{"href":"https:\/\/www.aikibujutsu.hu\/index.php?rest_route=\/wp\/v2\/types\/page"}],"author":[{"embeddable":true,"href":"https:\/\/www.aikibujutsu.hu\/index.php?rest_route=\/wp\/v2\/users\/4"}],"replies":[{"embeddable":true,"href":"https:\/\/www.aikibujutsu.hu\/index.php?rest_route=%2Fwp%2Fv2%2Fcomments&post=1494"}],"version-history":[{"count":0,"href":"https:\/\/www.aikibujutsu.hu\/index.php?rest_route=\/wp\/v2\/pages\/1494\/revisions"}],"wp:attachment":[{"href":"https:\/\/www.aikibujutsu.hu\/index.php?rest_route=%2Fwp%2Fv2%2Fmedia&parent=1494"}],"curies":[{"name":"wp","href":"https:\/\/api.w.org\/{rel}","templated":true}]}}