{"id":12,"date":"2009-10-10T10:22:46","date_gmt":"2009-10-10T08:22:46","guid":{"rendered":"http:\/\/www.shinkendo.hu\/test\/?page_id=2"},"modified":"2009-10-10T10:22:46","modified_gmt":"2009-10-10T08:22:46","slug":"magunkrol","status":"publish","type":"page","link":"https:\/\/www.aikibujutsu.hu\/?page_id=12","title":{"rendered":"Aikibujutsu"},"content":{"rendered":"<p><!DOCTYPE html PUBLIC \"-\/\/W3C\/\/DTD XHTML 1.0 Transitional\/\/EN\" \"http:\/\/www.w3.org\/TR\/xhtml1\/DTD\/xhtml1-transitional.dtd\"><br \/>\n<html xmlns=\"http:\/\/www.w3.org\/1999\/xhtml\" xml:lang=\"hu\" lang=\"hu\"><\/p>\n<p>\t<head><br \/>\n\t\t<title>Az Aikid\u014d \u00e9s Aikibujutsu \u00e1ttekint\u00e9se<\/title>\n\t\t<link href=\"http:\/\/aikibujutsu.hu\/SajatStyle\/ObataBio.css\" rel=\"stylesheet\" type\"text\/class\" \/>\n\t\t<meta http-equiv=\"Content-Type\" content=\"text\/html; charset=iso-8859-2\" \/><br \/>\n\t\t<meta http-equiv=\"content-language\" content=\"hu\" \/><\/p>\n<p><\/head><br \/>\n<body><\/p>\n<div id=\"doboz\">\n<div id=\"szoveg\">\n\t\t\t<\/br><\/p>\n<div id=\"KepKozepre\">\n<p><img loading=\"lazy\" src=\"https:\/\/www.aikibujutsu.hu\/SajatPic\/Aikibujutsu_History1630x680.jpg\" title=\"Nage\" alt=\"\"  width=\"570\" height=\"280\" \/>\n\t\t\t<\/div>\n<\/p><\/div>\n<div id=\"oldalNeve\">\n<h1 class=\"szalagcimHatter\">Az Aikid\u014d \u00e9s Aikibujutsu <\/br> \u00e1ttekint\u00e9se<\/h1>\n<\/p><\/div>\n<div id=\"szoveg\">\n<p>Az <em>Aikid\u014d<\/em> (\u5408\u6c17\u9053) alapelve szerint eggy\u00e9 v\u00e1lunk az ellenf\u00e9l mozg\u00e1s\u00e1val \u00e9s energi\u00e1j\u00e1val, kontrol\u00e1ljuk a teste k\u00f6zpontj\u00e1t, mik\u00f6zben a saj\u00e1tunkat megv\u00e9dj\u00fck az ellent\u00e1mad\u00e1sokkal szemben. Soha nem harcol azonos er\u0151vel \u00e9s agresszi\u00f3val, ink\u00e1bb kifinomultabb m\u00f3dszerekre \u00e9s technik\u00e1kra hagyatkozik, mint a <em>tai<\/em><em> sabaki <\/em>(<em>elmozg\u00e1s, kit\u00e9r\u00e9s<\/em>), <em>kansetsu-waza<\/em> (\u5173\u8282 \u6280<em>, \u00edz\u00fcleti r\u00f6gz\u00edt\u00e9s<\/em>), <em>kuzushi-waza<\/em> (\u5d29\u3057 \u6280<em>, egyens\u00faly kibillent\u00e9s<\/em>), <em>nage-waza<\/em> (\u6295\u3052 \u6280<em>, dob\u00e1sok<\/em>), <em>osae-waza<\/em> (\u6291\u3048 \u6280<em>, r\u00f6gz\u00edt\u00e9sek<\/em>), <em>ky\u016bsho<\/em><em> no jutsu<\/em> (\u6025\u6240 \u306e \u8853<em>, \u00e9letpontok t\u00e1mad\u00e1sa<\/em>), \u00e9s term\u00e9szetesen az <em>aiki<\/em> (\u5408\u6c17, <em>eggy\u00e9 v\u00e1l\u00e1s az ellenf\u00e9l mozg\u00e1s\u00e1val \u00e9s energi\u00e1j\u00e1val<\/em>), hogy k\u00f6nnyed\u00e9n elt\u00e9r\u00edts\u00fck, semleges\u00edts\u00fck vagy kontrol\u00e1ljuk a t\u00e1mad\u00e1st.<\/p>\n<p><em>Obata-s\u014dshihan<\/em> <em>aikid\u014d<\/em>-ja <em>Shioda<\/em><em> G\u014dz\u014d-kanch\u014d<\/em> (a <em>Yoshinkan<\/em><em> Aikid\u014d D\u014dj\u014d<\/em> alap\u00edt\u00f3ja) technik\u00e1ib\u00f3l ered, ahogyan azt <em>Ueshiba<\/em><em> Morihei-sensei<\/em> (az <em>aikid\u014d<\/em> alap\u00edt\u00f3ja) adta \u00e1t. <em>Shioda-kanch\u014d<\/em> a II. vil\u00e1gh\u00e1bor\u00fa el\u0151tti korszakban <em>aikid\u014d<\/em>-t tanult (melyre tanulm\u00e1nyai kor\u00e1bbi \u00e9veiben <em>aikibud\u014d<\/em>-k\u00e9nt utalt). <em>Ueshiba-sensei<\/em> elm\u00e9ly\u00fclt az ezoterikus <em>\u014cmoto-ky\u014d<\/em> (\u5927\u672c\u6559) <em>Shint\u014d<\/em> szekta tanaiban, ami gy\u00f6keresen v\u00e1ltoztatta meg m\u0171v\u00e9szet\u00e9t, terelte ink\u00e1bb filoz\u00f3fiai, mintsem gyakorlati gondolkod\u00e1s\u00fa ir\u00e1nyba, mellyel a <em>Yoshinkan<\/em> \u00e1g nem azonosult.<\/p>\n<div style=\"padding-bottom: 20px;\" align=\"center\">\n<table border=\"0\" cellspacing=\"5\">\n<tbody>\n<tr>\n<td width=\"340\" height=\"240\"><img loading=\"lazy\" title=\"Ueshiba Dait\u014d-ry\u016b\" alt=\"Ueshiba Dait\u014d-ry\u016b\" src=\"https:\/\/www.aikibujutsu.hu\/SajatPic\/ueshibaDaitoRyu.jpg\" border=\"0\" width=\"340\" height=\"240\"><\/td>\n<\/tr>\n<tr>\n<td colspan=\"3\" align=\"center\"><span class=\"caption\"><span class=\"romaji\">Ueshiba Morihei-szenszej; a k\u00e9p akkor k\u00e9sz\u00fclt amikor m\u00e9g Dait\u014d-ry\u016b Aikij\u016bjutsu-t tan\u00edtott<\/span> <\/span><\/td>\n<\/tr>\n<\/tbody>\n<\/table><\/div>\n<p>A k\u00e9s\u0151i <em>Shioda<\/em><em> G\u014dz\u014d-kanch\u014d<\/em> \u00e9s a <em>Yoshinkan<\/em><em> D\u014dj\u014d<\/em> meghat\u00e1roz\u00f3 helyet foglalt el Jap\u00e1n harcm\u0171v\u00e9szeti k\u00f6z\u00f6ss\u00e9g\u00e9ben. <em>Obata<\/em><em> Toshishiro-s\u014dshihan<\/em> az egyik utols\u00f3 tagja <em>Shioda-kanch\u014d<\/em> iskol\u00e1j\u00e1nak hagyom\u00e1nyos <em>uchi-deshi<\/em> (<em>bentlak\u00e1sos tanul\u00f3<\/em>) gener\u00e1ci\u00f3j\u00e1nak. <em>Obata-s\u014dshihan<\/em> az elit <em>Yoshinkan<\/em> oktat\u00f3csoport tagjak\u00e9nt elsaj\u00e1t\u00edtott, a k\u00fczdelem szempontj\u00e1b\u00f3l hat\u00e9kony technik\u00e1kat adja tov\u00e1bb saj\u00e1t szervezet\u00e9n kereszt\u00fcl, mely az <em>Aikido<\/em><em> \u00e9s Aikibujutsu Tanren Kenkyukai<\/em>.<\/p>\n<p>A <em>Yoshinkan<\/em> iskola korai (a II. vil\u00e1gh\u00e1bor\u00fa el\u0151tti) fejl\u0151d\u00e9se eredm\u00e9nyek\u00e9ppen, nagy sz\u00e1mban maradt f\u00f6nn eredeti <em>j\u016bjutsu<\/em> technika a bels\u0151 tanagyagban, sok k\u00f6z\u00fcl\u00fck hasonl\u00f3, ha nem teljesen azonos a <em>Dait\u014d-ry\u016b<\/em><em> J\u016bjutsu<\/em> iskol\u00e1\u00e9val, mint ez olvashat\u00f3 <em>Ueshiba<\/em><em> Morihei: Bud\u014d Rensh\u016b<\/em> oktat\u00e1si le\u00edr\u00e1s\u00e1ban, ami egyfajta gy\u0171jtem\u00e9ny, katal\u00f3gus (<em>mokuroku<\/em>), melyet n\u00e9h\u00e1ny vezet\u0151 <em>aikibud\u014d<\/em> tan\u00edtv\u00e1ny sz\u00e1m\u00e1ra k\u00e9sz\u00edtett.<\/p>\n<div style=\"padding-bottom: 20px;\" align=\"center\">\n<table border=\"0\" cellspacing=\"5\">\n<tbody>\n<tr>\n<td width=\"240\" height=\"340\"><img loading=\"lazy\" title=\"Shioda G\u014dz\u014d-kanch\u014d\" alt=\"Shioda G\u014dz\u014d-kanch\u014d\" src=\"https:\/\/www.aikibujutsu.hu\/SajatPic\/shioda.jpg\" border=\"0\" width=\"240\" height=\"340\"><\/td>\n<\/tr>\n<tr>\n<td colspan=\"3\" align=\"center\"><span class=\"caption\"><span class=\"romaji\">Shioda G\u014dz\u014d-kanch\u014d &#8211; Kokyu<\/span> <\/span><\/td>\n<\/tr>\n<\/tbody>\n<\/table><\/div>\n<p><a title=\"Obata Toshishiro\" href=\"https:\/\/www.aikibujutsu.hu\/?page_id=1115\"> <em>Obata-s\u014dshihan<\/em><\/a> h\u00e9t \u00e9ven kereszt\u00fcl edzett <em>uchi-deshi<\/em> (<em>bentlak\u00e1sos tanul\u00f3<\/em>) rendszerben <em>Shioda-kanch\u014d<\/em> ir\u00e1ny\u00edt\u00e1sa alatt, tanulva meg a <em>Yoshinkan<\/em> iskola \u00e1ltal meg\u0151rz\u00f6tt kev\u00e9ss\u00e9 ismert, r\u00e9gebbi technik\u00e1kat. K\u00e9s\u0151bb l\u00e9trehozta az <em>Aikido \u00e9s Aikibujutsu Tanren Kenkyukai<\/em> rendszer\u00e9t, melynek <em>aiki<\/em> m\u00f3dszereit n\u00e9ha az <em>aikid\u014d<\/em> \u201ekem\u00e9ny\u201d st\u00edlusak\u00e9nt kategoriz\u00e1lj\u00e1k. Mindazon\u00e1ltal az <em>aiki<\/em> ezen \u00e1gazata n\u00e9mileg egyed\u00fcl\u00e1ll\u00f3 k\u00e9pess\u00e9ge abban rejlik, hogy gyorsabb, val\u00f3szer\u0171 sebess\u00e9gn\u00e9l is hat\u00e9kony marad, mik\u00f6zben megtartja \u201efoly\u00e9kony\u201d <em>aiki<\/em> jelleg\u00e9t. M\u00e1s szavakkal, a \u201el\u00e1gy elemek\u201d mellett (a gyakorlatok \u00e9s a technik\u00e1k k\u00f6z\u00f6sek a modern <em>aikid\u014d<\/em>-\u00e9val) tan\u00edtja a \u201ekem\u00e9ny m\u00f3dszereket\u201d (<em>j\u016bjutsu<\/em><em> kihon waza<\/em>) annak \u00e9rdek\u00e9ben, hogy a tanul\u00f3k j\u00f3l form\u00e1lt tud\u00e1st kapjanak.<\/p>\n<div style=\"padding-bottom: 20px;\" align=\"center\">\n<table border=\"0\" cellspacing=\"5\">\n<tbody>\n<tr>\n<td width=\"320\" height=\"260\"><img loading=\"lazy\" title=\"Obata Toshishiro\" alt=\"Obata Toshishiro\" src=\"https:\/\/www.aikibujutsu.hu\/SajatPic\/sensei_yonkajo.jpg\" border=\"0\" width=\"320\" height=\"260\"><\/td>\n<\/tr>\n<tr>\n<td colspan=\"3\" align=\"center\"><span class=\"caption\"><span class=\"romaji\">Toshishiro Obata-s\u014dshihan &#8211; Yonkajo<\/span> <\/span><\/td>\n<\/tr>\n<\/tbody>\n<\/table><\/div>\n<p><a title=\"Aikibujustu tananyag\" href=\"https:\/\/www.aikibujutsu.hu\/?page_id=230\"> <strong><span style=\"color:red\"><em>T\u00f6bb inform\u00e1ci\u00f3\u00e9rt l\u00e1sd a tantervi oldalt!<\/em><\/a><\/span><\/strong><\/p>\n<p>  <\/p>\n<p>\t<\/br> <\/br> <\/br><\/p>\n<p><strong>Felhaszn\u00e1lt irodalom:<\/strong><\/p>\n<p> &#8211; Extensive conversations and notes from Obata Toshishiro-s\u014dshihan<\/p>\n<p> &#8211; Obata, Toshishiro. <a href=\"http:\/\/www.aiki-buken.com\/overview.html\">Samurai Aikijutsu<\/a>. Los Angeles: Dragon Books, 1988.<\/p>\n<p> &#8211; Pranin, Stanley A. &#8220;Encylopedia of Aikid\u014d&#8221; by Stanley A. Pranin; Aikinews (1991).<\/p>\n<p> &#8211; Pranin, Stanley A. &#8220;Aikid\u014d Masters&#8221; by Stanley A. Pranin; Aikinews (1993).<\/p>\n<p> &#8211; Pranin, Stanley A. &#8220;Dait\u014d-ry\u016b Aikij\u016bjutsu.&#8221; Aikinews (1996).<\/p>\n<p> &#8211; Ueshiba, Morihei. Bud\u014d Training in Aikid\u014d. Sugawara Martial Arts Institute, Inc., 1997<\/p>\n<p> &#8211; &#8220;Aiki News: Dait\u014d Ry\u016b special issue.&#8221; Aikinews Issue #79 (1988).<\/p>\n<\/p><\/div>\n<p><\/br> <\/br><\/p>\n<p class=\"kozepreTSUBAmini\"> <img loading=\"lazy\" src=\"https:\/\/www.aikibujutsu.hu\/SajatPic\/Aikibujutsu-TSUBA-mini.jpg\" title=\"Tsuba\" alt=\"\" width=\"62\" height=\"74\" \/> <\/p>\n<p>\t\t\t<\/br><\/p>\n<div id=\"AlairasKepJobbra\">\n<p><img loading=\"lazy\" src=\"https:\/\/www.aikibujutsu.hu\/SajatPic\/SziklaiFerenc&#038;CyrusFeketeMERGED.jpg\" title=\"signo\" alt=\"\" width=\"90\" height=\"25\" \/><\/p>\n<div style=\"font-size:90%%; font-variant: small-caps; margin-left:1em; text-align: left; border-top:1px solid silver; margin-top:1em;\">\n<p>2014. Augusztus<\/p>\n<\/p><\/div>\n<p>\t\t\t\t<\/br><br \/>\n\t\t\t\t<\/br><\/p><\/div>\n<\/div>\n<p><\/body><\/p>\n<p><\/html><\/p>\n","protected":false},"excerpt":{"rendered":"<p>Az Aikid\u014d \u00e9s Aikibujutsu \u00e1ttekint\u00e9se Az Aikid\u014d \u00e9s Aikibujutsu \u00e1ttekint\u00e9se Az Aikid\u014d (\u5408\u6c17\u9053) alapelve szerint eggy\u00e9 v\u00e1lunk az ellenf\u00e9l mozg\u00e1s\u00e1val \u00e9s energi\u00e1j\u00e1val, kontrol\u00e1ljuk a teste k\u00f6zpontj\u00e1t, mik\u00f6zben a saj\u00e1tunkat megv\u00e9dj\u00fck [&hellip;]<\/p>\n","protected":false},"author":4,"featured_media":0,"parent":0,"menu_order":0,"comment_status":"closed","ping_status":"closed","template":"","meta":{"_mi_skip_tracking":false},"_links":{"self":[{"href":"https:\/\/www.aikibujutsu.hu\/index.php?rest_route=\/wp\/v2\/pages\/12"}],"collection":[{"href":"https:\/\/www.aikibujutsu.hu\/index.php?rest_route=\/wp\/v2\/pages"}],"about":[{"href":"https:\/\/www.aikibujutsu.hu\/index.php?rest_route=\/wp\/v2\/types\/page"}],"author":[{"embeddable":true,"href":"https:\/\/www.aikibujutsu.hu\/index.php?rest_route=\/wp\/v2\/users\/4"}],"replies":[{"embeddable":true,"href":"https:\/\/www.aikibujutsu.hu\/index.php?rest_route=%2Fwp%2Fv2%2Fcomments&post=12"}],"version-history":[{"count":0,"href":"https:\/\/www.aikibujutsu.hu\/index.php?rest_route=\/wp\/v2\/pages\/12\/revisions"}],"wp:attachment":[{"href":"https:\/\/www.aikibujutsu.hu\/index.php?rest_route=%2Fwp%2Fv2%2Fmedia&parent=12"}],"curies":[{"name":"wp","href":"https:\/\/api.w.org\/{rel}","templated":true}]}}