{"id":1115,"date":"2012-05-21T20:51:57","date_gmt":"2012-05-21T18:51:57","guid":{"rendered":"http:\/\/www.aikibujutsu.hu\/?page_id=1115"},"modified":"2015-01-07T17:24:43","modified_gmt":"2015-01-07T17:24:43","slug":"kaiso-obata-toshishiro","status":"publish","type":"page","link":"https:\/\/www.aikibujutsu.hu\/?page_id=1115","title":{"rendered":"Obata Toshishiro"},"content":{"rendered":"<p><head><br \/>\n\t\t<title>Obata Toshishiro Bio<\/title>\n\t\t<link href=\"http:\/\/aikibujutsu.hu\/SajatStyle\/ObataBio.css\" rel=\"stylesheet\" type\"text\/class\" \/>\n\t\t<meta http-equiv=\"Content-Type\" content=\"text\/html; charset=iso-8859-2\" \/><br \/>\n\t\t<meta http-equiv=\"content-language\" content=\"hu\" \/><\/p>\n<p>\t<\/head><\/p>\n<p>\t<body><\/p>\n<div id=\"doboz\">\n<div id=\"oldalNeve\">\n<h1 class=\"szalagcimHatter\">Kaiso Obata Toshishiro<\/h1>\n<\/p><\/div>\n<div id=\"szoveg\">\n<div id=\"szovegKepJobbra\">\n<p><img loading=\"lazy\" src=\"https:\/\/www.aikibujutsu.hu\/SajatPic\/obata_portrait_1.gif\" title=\"Obata Toshishiro portr\u00e9\" alt=\"\" width=\"192\" height=\"226\" \/><\/p>\n<p>\n\t\t\t\t\tAz <em>Obata<\/em> csal\u00e1d a <em>Heike<\/em> kl\u00e1n szamur\u00e1jainak lesz\u00e1rmazottja. <em>Obata<\/em><em> Toshishiro<\/em> Jap\u00e1nban, <em>Gunma<\/em> tartom\u00e1nyban sz\u00fcletett 1948-ban. <em>Obata<\/em><em> Toramori<\/em> a huszonn\u00e9gy legh\u00edresebb strat\u00e9g\u00e1k egyik\u00e9nek egyenes \u00e1gi lesz\u00e1rmazottjak\u00e9nt, aki a <em>Takeda<\/em> csal\u00e1d t\u00e1bornoka \u00e9s hadvez\u00e9re volt a <em>Sengoku<\/em> korban. K\u00e9s\u0151bb <em>Toramori<\/em> a <em>Shin<\/em><em> Shu<\/em> (<em>Nagano<\/em>) tartom\u00e1nyban a <em>Kaizu<\/em><em> Jo<\/em> (<em>v\u00e1r<\/em>) ura lett. 18 \u00e9ves kor\u00e1ban <em>Obata<\/em><em> Toshishiro uchi deshi<\/em> (<em>bentlak\u00f3 tanul\u00f3<\/em>) lett a <em>Yoshinkan<\/em> <em>Aikido<\/em> k\u00f6zpontj\u00e1ban, Toki\u00f3ban, az alap\u00edt\u00f3 mester <em>Gozo<\/em><em> Shioda<\/em> kiemelt tan\u00edtv\u00e1nyak\u00e9nt. H\u00e9t \u00e9vig volt instruktor a <em>Yoshinkan<\/em>-ban, sz\u00e1mos egyetemen vezetett edz\u00e9seket s a toki\u00f3i rohamosztagn\u00e1l valamint a Jap\u00e1n \u00d6nv\u00e9delmi Alakulatn\u00e1l kik\u00e9pz\u0151k\u00e9nt dolgozott. A kardv\u00edv\u00e1ssal el\u0151sz\u00f6r az <em>aikido<\/em> edz\u00e9seken tal\u00e1lkozott, de szerette volna ezt a tud\u00e1s\u00e1t kib\u0151v\u00edteni, \u00edgy a fiatal <em>Obata<\/em> elkezdett m\u00e1s st\u00edlusokat is tanulni. T\u00f6bbek k\u00f6z\u00f6tt <em>Yagyu-ryu<\/em> kardv\u00edv\u00e1st a 21. gener\u00e1ci\u00f3s <em>Soke<\/em><em> (vezet\u0151) Yagyu Nobuharu<\/em> mestert\u0151l, de emellett a <em>Shiyukai<\/em> iskol\u00e1ban zennel is foglalkozott. <em>Uchi<\/em><em> deshi-k\u00e9nt<\/em> nem tudott m\u00e1s st\u00edlusokban komolyabban elmer\u00fclni, ez\u00e9rt 1973-ban elhagyta a <em>Yoshinkan<\/em> iskol\u00e1t. Csatlakozott a <em>Tokio<\/em> <em>Wakakoma<\/em>-hoz, egy elit harcm\u0171v\u00e9sz t\u00e1rsulathoz, amelynek tagjai akci\u00f3jelenetek koreogr\u00e1fusai, sz\u00edn\u00e9szek \u00e9s kaszkad\u0151r\u00f6k, \u00edgy n\u00e9lk\u00fcl\u00f6zhetetlen szerepl\u0151i a jap\u00e1n t\u00e9v\u00e9 \u00e9s mozi vil\u00e1g\u00e1nak. A <em>Tokio<\/em><em> Wakakoma-ban<\/em> szerzett tapasztalatai \u00e9s harcm\u0171v\u00e9szeti kapcsolatai lehet\u0151v\u00e9 tett\u00e9k, hogy komolyabban foglalkozz\u00e9k hagyom\u00e1nyos kardforgat\u00f3 \u00e9s egy\u00e9b <em>budo<\/em> (<em>jap\u00e1n harcm\u0171v\u00e9szeti<\/em>) ir\u00e1nyzatokkal, egyidej\u0171leg akci\u00f3koordin\u00e1tori \u00e9s sz\u00edn\u00e9szi k\u00e9pess\u00e9geit is fejlesztve. A k\u00e9s\u0151bbiekben a <em>Tate<\/em><em> dojo-t\u00f3l<\/em> (a <em>Wakakom\u00e1n<\/em> bel\u00fcli szervezet) a <em>Bushido<\/em><em> Shihan<\/em> rangot kapta \u00e9s ezzel ir\u00e1ny\u00edt\u00f3ja lett a <em>Bajutsu<\/em> (<em>lovas \u00edj\u00e1szat<\/em>), <em>Yoroi<\/em> (<em>a tradicion\u00e1lis ruh\u00e1k \u00e9s v\u00e9rtezetek visel\u00e9se<\/em>), <em>Yarijutsu<\/em> (<em>l\u00e1ndzsa<\/em>) \u00e9s a <em>Naginata<\/em> (<em>jap\u00e1n<\/em> <em>alab\u00e1rd<\/em>) oktat\u00e1s\u00e1nak.\n\t\t\t\t<\/p>\n<\/p><\/div>\n<div id=\"szovegKepBalra\">\n<p><img loading=\"lazy\" src=\"https:\/\/www.aikibujutsu.hu\/SajatPic\/youngobata.gif\" title=\"A fiatal Obata Toshishiro\" alt=\"\" width=\"194\" height=\"300\" \/><\/p>\n<p>\n\t\t\t\t\t1980-ban \u00e1tk\u00f6lt\u00f6z\u00f6tt az Egyes\u00fclt \u00c1llamokba, hogy sz\u00edn\u00e9szi \u00e9s akci\u00f3koreogr\u00e1fusi karrierj\u00e9t folytassa. T\u00edz \u00e9vig volt <em>Soke<\/em> (<em>vezet\u0151<\/em> <em>mester<\/em>) az <em>USA Toyama \u00e9s Nakamura Ryu Battodo Sz\u00f6vets\u00e9gn\u00e9l<\/em>. Ebben az id\u0151ben alkotta meg saj\u00e1t st\u00edlus\u00e1t, a <em>Shinkendo<\/em>-t harcm\u0171v\u00e9szeti tud\u00e1sa, tapasztalatai \u00e9s t\u00f6rt\u00e9nelmi kutat\u00e1sai alapj\u00e1n. Ma a <em>Nemzetk\u00f6zi Shinkendo Sz\u00f6vets\u00e9g (ISF)<\/em> egy szervezet, amely a val\u00f3di jap\u00e1n kardv\u00edv\u00e1s technik\u00e1it \u00e9s filoz\u00f3fi\u00e1j\u00e1t hivatott tan\u00edtani. 1996-ban megalap\u00edtotta az <em>Aikibujutsu<\/em><em> Tanren Kenkyukait<\/em>. Ebben egyar\u00e1nt alkalmazza a <em>bujutsu<\/em> \u00e9s a <em>budo<\/em> technik\u00e1it, eg\u00e9szen az <em>Aikibujutsu<\/em> legr\u00e9gebbi form\u00e1j\u00e1t\u00f3l a modern <em>aikido-ig<\/em> \u00e9s <em>taihojutsu-ig<\/em> (kontrol\u00e1l\u00f3 \u00e9s lefegyverz\u0151 ir\u00e1nyzatok, amelyeket a t\u00f6rv\u00e9nyv\u00e9grehajt\u00e1sban \u00e9s az \u0151rz\u00e9s-v\u00e9d\u00e9s ter\u00fcletein haszn\u00e1lnak). Ezek az \u00e1ltala l\u00e9trehozott szervezetek a hat\u00e1sos \u00e9s tradicion\u00e1lis technik\u00e1k gyakorl\u00e1s\u00e1t t\u0171zt\u00e9k ki c\u00e9lul, amelyek lehet\u0151v\u00e9 teszik a gyakorlati k\u00e9pess\u00e9gek fejleszt\u00e9s\u00e9t, elsaj\u00e1t\u00edt\u00e1s\u00e1t \u00e9s a klasszikus jap\u00e1n harcm\u0171v\u00e9szeti st\u00edlusok meg\u00e9rt\u00e9s\u00e9t. <em>Obata<\/em><em> Toshishiro<\/em> eg\u00e9sz \u00e9let\u00e9t a jap\u00e1n <em>budo<\/em>-nak (<em>tradicion\u00e1lis<\/em> <em>harcm\u0171v\u00e9szeteknek<\/em>) \u00e1ldozta, \u00edgy p\u00e9lda n\u00e9lk\u00fcli m\u00f3don saj\u00e1t\u00edthatta el az szamur\u00e1jok \u0151si technik\u00e1it, filoz\u00f3fi\u00e1j\u00e1t \u00e9s t\u00f6rt\u00e9nelm\u00e9nek ismereteit. Az\u00e9rt, hogy tapasztalatait \u00e9s tud\u00e1s\u00e1t megossza m\u00e1sokkal, gyakran t\u00f6lti idej\u00e9t a <em>hombu<\/em> (<em>k\u00f6zponti<\/em>) <em>dojon<\/em> (Los Angelesen) k\u00edv\u00fcl, hogy a vil\u00e1g m\u00e1s pontjain l\u00e9v\u0151 iskol\u00e1kban is tan\u00edthasson. A tanul\u00f3knak \u00e9s tan\u00edt\u00f3knak \u00e1tadott tud\u00e1s, az egy\u00fctt t\u00f6lt\u00f6tt edz\u00e9sek lehet\u0151v\u00e9 tett\u00e9k egy er\u0151s szervezet kialak\u00edt\u00e1s\u00e1t. M\u00e1ra t\u00f6bb mint hatvan k\u00fcl\u00f6n\u00e1ll\u00f3 iskola tan\u00edt <em>shinkendo<\/em>-t \u00e9s <em>aikibuken<\/em>-t vil\u00e1gszerte. Amikor nem oktat\u00e1ssal t\u00f6lti idej\u00e9t vagy nem szemin\u00e1riumokat tart, <em>Obata<\/em> <em>sensei<\/em> a filmvil\u00e1gban tev\u00e9kenykedik. Forgat\u00f3k\u00f6nyveket \u00edr, akci\u00f3- \u00e9s kaszkad\u0151ri koreogr\u00e1fi\u00e1kon dolgozik, valamint sz\u00edn\u00e9szkedik. N\u00e9h\u00e1ny film, amiben l\u00e1thattuk: Fekete es\u0151, D\u00fch \u00e9s becs\u00fclet, A felkel\u0151 nap, A puszt\u00edt\u00f3, Az \u00e1rny\u00e9k, Lesz\u00e1mol\u00e1s Kis Toki\u00f3ban, A pr\u00e9da.<br \/>\n\t\t\t\t\t<\/br><\/br> \t<em>Obata<\/em><em> Toshishiro<\/em> abban a megtiszteltet\u00e9sben r\u00e9szes\u00fclt, hogy sok, a saj\u00e1t st\u00edlus\u00e1ban elismert neves mestert\u0151l tanulhatott. T\u00f6bbek k\u00f6z\u00f6tt:\n\t\t\t\t<\/p>\n<\/p><\/div>\n<div id=\"szovegDobozFelsorolas\">\n<p class=\"felsorolasPont\">Gozo Shioda mestert\u0151l Yoshinkan Aikidot<\/p>\n<p class=\"felsorolasPont\">Yagyu Nobuharu XXI. gener\u00e1ci\u00f3s mestert\u0151l Yagyu Ryu Kardv\u00edv\u00e1st<\/p>\n<p class=\"felsorolasPont\">Uchida Tesshisai mestert\u0151l Ioriken Battojutsut<\/p>\n<p class=\"felsorolasPont\">Nakamura Taizaburo mestert\u0151l Toyama-ryu \u00e9s Nakamura-ryu Battojutsut<\/p>\n<p class=\"felsorolasPont\">Tanaka Shigeho mestert\u0151l Kashima Shin-ryut<\/p>\n<p class=\"felsorolasPont\">Inoue Motokatsu mestert\u0151l Ryukyu Kobudot<\/p>\n<p class=\"felsorolasPont\">Nawa Yumio mestert\u0151l Masaki Ryu Manrikigusarit illetve Juttejutsut \u00e9s Ninpot<\/p>\n<\/p><\/div>\n<p>\n\t\t\t\tC\u00edmei \u00e9s eredm\u00e9nyei:\n\t\t\t<\/p>\n<div id=\"szovegDobozFelsorolas\">\n<p class=\"felsorolasPont\">Vezet\u0151 instruktora az USA Toyama Ryu Battodo Sz\u00f6vets\u00e9gnek \u00e9s Honbunak.<\/p>\n<p class=\"felsorolasPont\">Vezet\u0151 instruktora az USA Nakamura Ryu Battodo Sz\u00f6vets\u00e9gnek \u00e9s Honbunak.<\/p>\n<p class=\"felsorolasPont\">Vezet\u0151 instruktora az USA Bugekikai Aikidonak<\/p>\n<p class=\"felsorolasPont\">Az Egyes\u00fclt \u00c1llamok Battodo sz\u00f6vets\u00e9g\u00e9nek Honbu vezet\u0151je<\/p>\n<p class=\"felsorolasPont\">SoShihan a Nippon Battodo So Renmeinek az Egyes\u00fclt \u00c1llamokban<\/p>\n<p class=\"felsorolasPont\">\u00daj rekordot \u00e1ll\u00edtott fel tradicion\u00e1lis kabutowarival (kardtesztel\u00e9skor v\u00e9grehajtott v\u00e1g\u00e1s p\u00e1nc\u00e9lsisakon<\/p>\n<p class=\"felsorolasPont\">Ioriken Battojutsu v\u00e1g\u00e1sverseny\u00e9nek n\u00e9gyszeres bajnoka<\/p>\n<p class=\"felsorolasPont\">A Jap\u00e1n Battodo v\u00e1g\u00e1sversenyen k\u00e9tszeres nemzeti bajnok<\/p>\n<p class=\"felsorolasPont\">Shitoka (kardtesztel\u0151) az egykori Kobayashi Yasuhiro kardkov\u00e1csnak<\/p>\n<p class=\"felsorolasPont\">K\u00e9t \u00e9vig Jap\u00e1n Toyama Ryu bajnok volt<\/p>\n<p class=\"felsorolasPont\">Bujutsu Shihan (vezet\u0151 instruktor) a Tate dojoban<\/p>\n<p class=\"felsorolasPont\">Tateshi (film koreogr\u00e1fus) Hayashi Kunishiro mestern\u00e9l<\/p>\n<p class=\"felsorolasPont\">A W. M. Hawley mag\u00e1nk\u00f6nyvt\u00e1r jap\u00e1n r\u00e9szleg\u00e9nek kur\u00e1tora<\/p>\n<p class=\"felsorolasPont\">Obata \u00far rendelkezik a Menkyo Kaiden, Keishu Denju, Shihan rangokkal \u00e9s \u00f6sszesen 75 Dan (fekete \u00f6v) fokozattal<\/p>\n<\/p><\/div>\n<p>\n\t\t\t\tAz\u00e9rt, hogy szerzett tapasztalatait \u00e9s tud\u00e1s\u00e1t m\u00e1sok sz\u00e1m\u00e1ra el\u00e9rhet\u0151v\u00e9 tegye, az al\u00e1bbi k\u00f6nyveket \u00edrta:\n\t\t\t<\/p>\n<div id=\"szovegDobozFelsorolas\">\n<p class=\"felsorolasPont\">Modern Bushido &#8211; A modern id\u0151k szamur\u00e1j tan\u00edt\u00e1sai (2012, saj\u00e1t kiad\u00e1s)<\/p>\n<p class=\"felsorolasPont\">Tameshigiri &#8211; Szamur\u00e1j kardv\u00edv\u00e1s \u00e9s teszt-v\u00e1g\u00e1s (2005, saj\u00e1t kiad\u00e1s)<\/p>\n<p class=\"felsorolasPont\">Shinkendo &#8211; Szamur\u00e1j kardv\u00edv\u00e1s (1999, saj\u00e1t kiad\u00e1s)<\/p>\n<p class=\"felsorolasPont\">Heiho Okugisho &#8211; A strat\u00e9gia titka (The Secret of High Strategy, 1994 W. M Hawley: ford\u00edtotta T. Obata<\/p>\n<p class=\"felsorolasPont\">Samurai Aikijutsu (1987, Dragon Books)<\/p>\n<p class=\"felsorolasPont\">Kama (1987, Dragon Books)<\/p>\n<p class=\"felsorolasPont\">Crimson Steel (1987, Dragon Books)<\/p>\n<p class=\"felsorolasPont\">Naked Blade (1985, Dragon Books)<\/p>\n<\/p><\/div>\n<p>\n\t\t\t\t<em>Obata<\/em> <em>sensei<\/em> Jap\u00e1nban t\u00f6lt\u00f6tt \u00e9veinek filmsikerei, valamint az elm\u00falt h\u00fasz \u00e9vben az al\u00e1bbiakban felsorolt filmekben rendezett vagy j\u00e1tszott jeleneteket az Egyes\u00fclt \u00c1llamokban:\n\t\t\t<\/p>\n<div id=\"szovegDobozFelsorolas\">\n<p class=\"felsorolasPont\">Az \u00fcld\u00f6z\u00f6tt (1995-ben; szerep: Ryuma)<\/p>\n<p class=\"felsorolasPont\">K\u00e9k tigris (1994-ben; szerep: Kunimatsu)<\/p>\n<p class=\"felsorolasPont\">Aka Irezumi (1994-ben; Jap\u00e1n)<\/p>\n<p class=\"felsorolasPont\">Az \u00e1rny\u00e9k (1994-ben; szerep: Mongol)<\/p>\n<p class=\"felsorolasPont\">A v\u00f6r\u00f6s nap (1993-ban; szerep: Oyabun)<\/p>\n<p class=\"felsorolasPont\">A puszt\u00edt\u00f3 (1993-ban; szerep: CryoCon)<\/p>\n<p class=\"felsorolasPont\">A felkel\u0151 nap (1993-ban; szerep: \u0151r a cs\u00e1sz\u00e1ri seregben)<\/p>\n<p class=\"felsorolasPont\">D\u00fch \u00e9s becs\u00fclet (1992-ben; szerep:Chan Lu)<\/p>\n<p class=\"felsorolasPont\">Rejtett ind\u00edt\u00e9k (1992-ben; szerep: \u0093Bika Nyaku\u0094 Yakuza)<\/p>\n<p class=\"felsorolasPont\">Lesz\u00e1mol\u00e1s Kis Toki\u00f3ban (1991-ben; szerep: Sato)<\/p>\n<p class=\"felsorolasPont\">Tini nindzsa tekn\u0151c\u00f6k (1990-ben; szerep: Tatsu)<\/p>\n<p class=\"felsorolasPont\">Tini nindzsa tekn\u0151c\u00f6k II: Ozee titka (1991-ben; szerep: Tatsu)<\/p>\n<p class=\"felsorolasPont\">Fekete es\u0151 (1989-ben; szerep: K\u00f6zvet\u00edt\u0151)<\/p>\n<p class=\"felsorolasPont\">A Bushido kardja (1989-ben)<\/p>\n<\/p><\/div>\n<p> <\/br> <\/p>\n<div id=\"AlairasKepJobbra\">\n<p><img loading=\"lazy\" src=\"https:\/\/www.aikibujutsu.hu\/SajatPic\/SziklaiFerenc&#038;CyrusFeketeMERGED.jpg\" title=\"signo\" alt=\"\" width=\"90\" height=\"25\" \/><\/p>\n<div style=\"font-size:90%%; font-variant: small-caps; margin-left:1em; text-align: left; border-top:1px solid silver; margin-top:1em;\">\n<p>2013. Febru\u00e1r<\/p>\n<\/p><\/div>\n<p>\t\t\t\t<\/br><br \/>\n\t\t\t\t<\/br><\/p><\/div>\n<\/p><\/div>\n<\/p><\/div>\n<p>\t<\/body><\/p>\n","protected":false},"excerpt":{"rendered":"<p>Obata Toshishiro Bio Kaiso Obata Toshishiro Az Obata csal\u00e1d a Heike kl\u00e1n szamur\u00e1jainak lesz\u00e1rmazottja. Obata Toshishiro Jap\u00e1nban, Gunma tartom\u00e1nyban sz\u00fcletett 1948-ban. Obata Toramori a huszonn\u00e9gy legh\u00edresebb strat\u00e9g\u00e1k egyik\u00e9nek egyenes \u00e1gi [&hellip;]<\/p>\n","protected":false},"author":4,"featured_media":0,"parent":0,"menu_order":0,"comment_status":"closed","ping_status":"closed","template":"","meta":{"_mi_skip_tracking":false},"_links":{"self":[{"href":"https:\/\/www.aikibujutsu.hu\/index.php?rest_route=\/wp\/v2\/pages\/1115"}],"collection":[{"href":"https:\/\/www.aikibujutsu.hu\/index.php?rest_route=\/wp\/v2\/pages"}],"about":[{"href":"https:\/\/www.aikibujutsu.hu\/index.php?rest_route=\/wp\/v2\/types\/page"}],"author":[{"embeddable":true,"href":"https:\/\/www.aikibujutsu.hu\/index.php?rest_route=\/wp\/v2\/users\/4"}],"replies":[{"embeddable":true,"href":"https:\/\/www.aikibujutsu.hu\/index.php?rest_route=%2Fwp%2Fv2%2Fcomments&post=1115"}],"version-history":[{"count":3,"href":"https:\/\/www.aikibujutsu.hu\/index.php?rest_route=\/wp\/v2\/pages\/1115\/revisions"}],"predecessor-version":[{"id":1819,"href":"https:\/\/www.aikibujutsu.hu\/index.php?rest_route=\/wp\/v2\/pages\/1115\/revisions\/1819"}],"wp:attachment":[{"href":"https:\/\/www.aikibujutsu.hu\/index.php?rest_route=%2Fwp%2Fv2%2Fmedia&parent=1115"}],"curies":[{"name":"wp","href":"https:\/\/api.w.org\/{rel}","templated":true}]}}