{"id":1108,"date":"2012-05-21T20:48:04","date_gmt":"2012-05-21T18:48:04","guid":{"rendered":"http:\/\/www.aikibujutsu.hu\/?page_id=1108"},"modified":"2012-05-21T20:48:04","modified_gmt":"2012-05-21T18:48:04","slug":"jojutsu","status":"publish","type":"page","link":"https:\/\/www.aikibujutsu.hu\/?page_id=1108","title":{"rendered":"J\u014djutsu"},"content":{"rendered":"<p>A j\u014djutsu a bot <em>(yonshakub\u014d<\/em>, vagy <em>jo<\/em> megfelel a 120 cm-es botnak) technik\u00e1i, melyek p\u00e1ros gyakorlatokb\u00f3l, csap\u00e1sokb\u00f3l, blokkokb\u00f3l \u00e9s r\u00f6gz\u00edt\u00e9sekb\u0151l \u00e1llnak.<\/p>\n<p>&nbsp;<\/p>\n<p>&nbsp;<\/p>\n","protected":false},"excerpt":{"rendered":"<p>A j\u014djutsu a bot (yonshakub\u014d, vagy jo megfelel a 120 cm-es botnak) technik\u00e1i, melyek p\u00e1ros gyakorlatokb\u00f3l, csap\u00e1sokb\u00f3l, blokkokb\u00f3l \u00e9s r\u00f6gz\u00edt\u00e9sekb\u0151l \u00e1llnak. &nbsp; &nbsp;<\/p>\n","protected":false},"author":4,"featured_media":0,"parent":0,"menu_order":0,"comment_status":"closed","ping_status":"closed","template":"","meta":{"_mi_skip_tracking":false},"_links":{"self":[{"href":"https:\/\/www.aikibujutsu.hu\/index.php?rest_route=\/wp\/v2\/pages\/1108"}],"collection":[{"href":"https:\/\/www.aikibujutsu.hu\/index.php?rest_route=\/wp\/v2\/pages"}],"about":[{"href":"https:\/\/www.aikibujutsu.hu\/index.php?rest_route=\/wp\/v2\/types\/page"}],"author":[{"embeddable":true,"href":"https:\/\/www.aikibujutsu.hu\/index.php?rest_route=\/wp\/v2\/users\/4"}],"replies":[{"embeddable":true,"href":"https:\/\/www.aikibujutsu.hu\/index.php?rest_route=%2Fwp%2Fv2%2Fcomments&post=1108"}],"version-history":[{"count":0,"href":"https:\/\/www.aikibujutsu.hu\/index.php?rest_route=\/wp\/v2\/pages\/1108\/revisions"}],"wp:attachment":[{"href":"https:\/\/www.aikibujutsu.hu\/index.php?rest_route=%2Fwp%2Fv2%2Fmedia&parent=1108"}],"curies":[{"name":"wp","href":"https:\/\/api.w.org\/{rel}","templated":true}]}}