{"id":1056,"date":"2012-05-09T11:57:38","date_gmt":"2012-05-09T09:57:38","guid":{"rendered":"http:\/\/www.aikibujutsu.hu\/?page_id=1056"},"modified":"2026-01-31T09:29:15","modified_gmt":"2026-01-31T09:29:15","slug":"delelotti-edzesek","status":"publish","type":"page","link":"https:\/\/www.aikibujutsu.hu\/?page_id=1056","title":{"rendered":"D\u00e9lel\u0151tti edz\u00e9sek"},"content":{"rendered":"<p>Tisztelt \u00c9rdekl\u0151d\u0151k!<\/p>\n<p style=\"text-align: justify;\">Felv\u00e9telt hirdet\u00fcnk <strong>kezd\u0151k r\u00e9sz\u00e9re<\/strong> kisebb csoportban (8-10 f\u0151), Aikido \u00e9s Aikibujutsu st\u00edlusokban!<\/p>\n<p style=\"text-align: justify;\"><strong>Fi\u00fak<\/strong> \u00e9s <strong>l\u00e1nyok<\/strong> jelentkez\u00e9s\u00e9t<strong> 16 \u00e9v felett<\/strong> egyar\u00e1nt v\u00e1rjuk.<\/p>\n<p><em>Edz\u00e9svezet\u0151:<\/em><\/p>\n<p><a href=\"https:\/\/www.aikibujutsu.hu\/?page_id=259\"><em>Sziklai Ferenc sensei <\/em><\/a><br \/>\ntelefon: +36-30-961-2457<br \/>\ne-mail: <a href=\"mailto:sziklai.ferenc@aikibujutsu.hu\">sziklai.ferenc [kukac] aikibujutsu [pont] hu<\/a><\/p>\n<p style=\"text-align: justify;\">\n<p style=\"text-align: justify;\">A helysz\u00edn a <strong><em><a title=\"Google t\u00e9rk\u00e9p\" href=\"http:\/\/maps.google.hu\/maps\/ms?msid=210691113442808703687.0004c0393c28c7814f2c8&amp;msa=0&amp;ll=47.517244,19.054949&amp;spn=0.004659,0.011362\" target=\"_blank\" rel=\"noopener\">1132, Budapest, Csan\u00e1dy u. 19 sz\u00e1m<\/a><\/em><\/strong> (<a title=\"Csan\u00e1dy Dojo Facebook oldala\" href=\"http:\/\/www.facebook.com\/CsanadyDojo\" target=\"_blank\" rel=\"noopener\">Csan\u00e1dy Dojo<\/a>), ahol a d\u00e9lel\u0151tti edz\u00e9seket<strong><em> kedd \u00e9s cs\u00fct\u00f6rt\u00f6k<\/em><\/strong> napokon, reggel <strong>8:00 \u00e9s 9:30 k\u00f6z\u00f6tt <\/strong>tartjuk, a <a title=\"Inform\u00e1ci\u00f3k a tagfelv\u00e9telr\u0151l\" href=\"https:\/\/www.aikibujutsu.hu\/?page_id=41\" target=\"_blank\" rel=\"noopener\"><strong>TAGFELV\u00c9TEL<\/strong><\/a> \u00e1lland\u00f3.<\/p>\n<p style=\"text-align: justify;\"><strong>Az els\u0151 edz\u00e9s 2012. okt\u00f3ber 2-\u00e1n, kedden 8:00-kor lesz.<\/strong><\/p>\n<p>Amennyiben a d\u00e9lel\u0151tti id\u0151pont nem megfelel\u0151, tekintse meg az <a title=\"Esti edz\u00e9seink\" href=\"https:\/\/www.aikibujutsu.hu\/?page_id=1052\"><strong>esti edz\u00e9si lehet\u0151s\u00e9geinket<\/strong><\/a> is.<\/p>\n<p style=\"text-align: justify;\">Ezzel kapcsolatos egy\u00e9b k\u00e9rd\u00e9seiket, \u00e9szrev\u00e9teleiket meg\u00edrhatj\u00e1k, amint tudunk v\u00e1laszolunk.<\/p>\n","protected":false},"excerpt":{"rendered":"<p>Tisztelt \u00c9rdekl\u0151d\u0151k! Felv\u00e9telt hirdet\u00fcnk kezd\u0151k r\u00e9sz\u00e9re kisebb csoportban (8-10 f\u0151), Aikido \u00e9s Aikibujutsu st\u00edlusokban! Fi\u00fak \u00e9s l\u00e1nyok jelentkez\u00e9s\u00e9t 16 \u00e9v felett egyar\u00e1nt v\u00e1rjuk. Edz\u00e9svezet\u0151: Sziklai Ferenc sensei telefon: +36-30-961-2457 e-mail: [&hellip;]<\/p>\n","protected":false},"author":4,"featured_media":1177,"parent":0,"menu_order":0,"comment_status":"closed","ping_status":"closed","template":"","meta":{"_mi_skip_tracking":false},"_links":{"self":[{"href":"https:\/\/www.aikibujutsu.hu\/index.php?rest_route=\/wp\/v2\/pages\/1056"}],"collection":[{"href":"https:\/\/www.aikibujutsu.hu\/index.php?rest_route=\/wp\/v2\/pages"}],"about":[{"href":"https:\/\/www.aikibujutsu.hu\/index.php?rest_route=\/wp\/v2\/types\/page"}],"author":[{"embeddable":true,"href":"https:\/\/www.aikibujutsu.hu\/index.php?rest_route=\/wp\/v2\/users\/4"}],"replies":[{"embeddable":true,"href":"https:\/\/www.aikibujutsu.hu\/index.php?rest_route=%2Fwp%2Fv2%2Fcomments&post=1056"}],"version-history":[{"count":1,"href":"https:\/\/www.aikibujutsu.hu\/index.php?rest_route=\/wp\/v2\/pages\/1056\/revisions"}],"predecessor-version":[{"id":1977,"href":"https:\/\/www.aikibujutsu.hu\/index.php?rest_route=\/wp\/v2\/pages\/1056\/revisions\/1977"}],"wp:featuredmedia":[{"embeddable":true,"href":"https:\/\/www.aikibujutsu.hu\/index.php?rest_route=\/"}],"wp:attachment":[{"href":"https:\/\/www.aikibujutsu.hu\/index.php?rest_route=%2Fwp%2Fv2%2Fmedia&parent=1056"}],"curies":[{"name":"wp","href":"https:\/\/api.w.org\/{rel}","templated":true}]}}