{"id":1052,"date":"2012-05-09T11:45:42","date_gmt":"2012-05-09T09:45:42","guid":{"rendered":"http:\/\/www.aikibujutsu.hu\/?page_id=1052"},"modified":"2026-01-31T09:27:03","modified_gmt":"2026-01-31T09:27:03","slug":"esti-edzesek","status":"publish","type":"page","link":"https:\/\/www.aikibujutsu.hu\/?page_id=1052","title":{"rendered":"Edz\u00e9sek"},"content":{"rendered":"<h1><strong>Aiki no Bashi Dojo &#8211; Az Aiki H\u00eddja Dojo, Budapest<br \/>\n<\/strong><\/h1>\n<p><em>Edz\u00e9svezet\u0151:<\/em><\/p>\n<p><a href=\"https:\/\/www.aikibujutsu.hu\/?page_id=259\"><em>Sziklai Ferenc sensei <\/em><\/a>5. dan, kyoshi<br \/>\ntelefon: +36-30-961-2457<br \/>\ne-mail: <a href=\"mailto:sziklai.ferenc@aikibujutsu.hu\">sziklai.ferenc [kukac] aikibujutsu [pont] hu<\/a><\/p>\n<p>Edz\u00e9sek szeptember els\u0151 keddj\u00e9t\u0151l j\u00fanius 31-ig.<\/p>\n<p><strong>kedden \u00e9s cs\u00fct\u00f6rt\u00f6k\u00f6n 19:30-20:30<br \/>\n<\/strong><\/p>\n<p>Csan\u00e1dy Dojo, 1133 Budapest, Csan\u00e1dy u. 19.<\/p>\n<h1><\/h1>\n<p>Az edz\u00e9sek nyitottak \u00e9s megtekinthet\u0151ek, <strong><a title=\"Inform\u00e1ci\u00f3k a tagfelv\u00e9telr\u0151l\" href=\"https:\/\/www.aikibujutsu.hu\/?page_id=41\" target=\"_blank\" rel=\"noopener noreferrer\">TAGFELV\u00c9TEL<\/a><\/strong> folyamatosan.<\/p>\n<p>Ezzel kapcsolatos egy\u00e9b k\u00e9rd\u00e9seiket, \u00e9szrev\u00e9teleiket meg\u00edrhatj\u00e1k, amint tudunk v\u00e1laszolunk.<\/p>\n","protected":false},"excerpt":{"rendered":"<p>Aiki no Bashi Dojo &#8211; Az Aiki H\u00eddja Dojo, Budapest Edz\u00e9svezet\u0151: Sziklai Ferenc sensei 5. dan, kyoshi telefon: +36-30-961-2457 e-mail: sziklai.ferenc [kukac] aikibujutsu [pont] hu Edz\u00e9sek szeptember els\u0151 keddj\u00e9t\u0151l j\u00fanius [&hellip;]<\/p>\n","protected":false},"author":4,"featured_media":0,"parent":0,"menu_order":0,"comment_status":"closed","ping_status":"closed","template":"","meta":{"_mi_skip_tracking":false},"_links":{"self":[{"href":"https:\/\/www.aikibujutsu.hu\/index.php?rest_route=\/wp\/v2\/pages\/1052"}],"collection":[{"href":"https:\/\/www.aikibujutsu.hu\/index.php?rest_route=\/wp\/v2\/pages"}],"about":[{"href":"https:\/\/www.aikibujutsu.hu\/index.php?rest_route=\/wp\/v2\/types\/page"}],"author":[{"embeddable":true,"href":"https:\/\/www.aikibujutsu.hu\/index.php?rest_route=\/wp\/v2\/users\/4"}],"replies":[{"embeddable":true,"href":"https:\/\/www.aikibujutsu.hu\/index.php?rest_route=%2Fwp%2Fv2%2Fcomments&post=1052"}],"version-history":[{"count":13,"href":"https:\/\/www.aikibujutsu.hu\/index.php?rest_route=\/wp\/v2\/pages\/1052\/revisions"}],"predecessor-version":[{"id":1976,"href":"https:\/\/www.aikibujutsu.hu\/index.php?rest_route=\/wp\/v2\/pages\/1052\/revisions\/1976"}],"wp:attachment":[{"href":"https:\/\/www.aikibujutsu.hu\/index.php?rest_route=%2Fwp%2Fv2%2Fmedia&parent=1052"}],"curies":[{"name":"wp","href":"https:\/\/api.w.org\/{rel}","templated":true}]}}